{"id":261,"date":"2022-12-10T22:05:29","date_gmt":"2022-12-10T22:05:29","guid":{"rendered":"http:\/\/localhost\/ekebrasso.ro\/?page_id=261"},"modified":"2023-11-28T20:48:56","modified_gmt":"2023-11-28T18:48:56","slug":"elementor-261","status":"publish","type":"page","link":"https:\/\/www.ekebrasso.ro\/index.php\/elementor-261\/","title":{"rendered":"III. Lehmann K\u00e1roly Teljes\u00edtm\u00e9nyt\u00fara"},"content":{"rendered":"\t\t<div data-elementor-type=\"wp-page\" data-elementor-id=\"261\" class=\"elementor elementor-261\" data-elementor-post-type=\"page\">\n\t\t\t\t\t\t<section class=\"elementor-section elementor-top-section elementor-element elementor-element-2441582e elementor-section-boxed elementor-section-height-default elementor-section-height-default\" data-id=\"2441582e\" data-element_type=\"section\">\n\t\t\t\t\t\t<div class=\"elementor-container elementor-column-gap-default\">\n\t\t\t\t\t<div class=\"elementor-column elementor-col-100 elementor-top-column elementor-element elementor-element-351be834\" data-id=\"351be834\" data-element_type=\"column\">\n\t\t\t<div class=\"elementor-widget-wrap elementor-element-populated\">\n\t\t\t\t\t\t<div class=\"elementor-element elementor-element-236e8d4 elementor-widget elementor-widget-text-editor\" data-id=\"236e8d4\" data-element_type=\"widget\" data-widget_type=\"text-editor.default\">\n\t\t\t\t<div class=\"elementor-widget-container\">\n\t\t\t\t\t\t\t\t\t<p><strong style=\"color: var( --e-global-color-text ); font-family: var( --e-global-typography-text-font-family ), Sans-serif; font-size: 1rem;\">Az \u00c1rp\u00e1d-szobor eml\u00e9k\u00e9re\u2026<\/strong><br><\/p>\n<p>&nbsp;<\/p>\n<p>125 \u00e9vvel ezel\u0151tt, 1896. okt\u00f3ber 18-\u00e1n avatt\u00e1k fel a Cenk-tet\u0151n a millenniumi eml\u00e9km\u0171vet, a magyar honfoglal\u00f3 vit\u00e9z szobr\u00e1t, amely a k\u00f6ztudatban \u00c1rp\u00e1d-szobork\u00e9nt \u00edv\u00f3dott be.<\/p>\n<p>Ennek eml\u00e9k\u00e9re szervezte meg vas\u00e1rnap, 2021. okt\u00f3ber 17-\u00e9n az EKE Brass\u00f3 a III. Lehmann K\u00e1roly Teljes\u00edtm\u00e9nyt\u00far\u00e1t a Cenkre.<\/p>\n<p>Okt\u00f3ber 9-\u00e9n, a teljes\u00edtm\u00e9nyt\u00fara el\u0151tt egy h\u00e9ttel hat szem\u00e9ly v\u00e9gigj\u00e1rta az \u00fatvonalat, kijel\u00f6lte az ellen\u0151rz\u0151 pontok hely\u00e9t, megbesz\u00e9lte a tennival\u00f3kat, megszervezte a t\u00far\u00e1t. K\u00f6z\u00f6s vacsora mellett nemcsak a t\u00far\u00e1z\u00f3k \u00e1ltal megoldand\u00f3 feladatlapokat besz\u00e9lt\u00e9k meg, hanem feleleven\u00edtett\u00e9k az I. \u00e9s a II. Lehmann K\u00e1roly Teljes\u00edtm\u00e9nyt\u00fara viszontags\u00e1gait is.<\/p>\n<p>A III. Lehmann K\u00e1roly Teljes\u00edtm\u00e9nyt\u00far\u00e1ra 45-en jelentkeztek be \u00f6t\u00f6dikest\u0151l kezdve nyugd\u00edjasig.<\/p>\n<p>Sajnos Brass\u00f3 v\u00e1rosa \u00e9s k\u00f6rny\u00e9ke k\u00f6zben piros z\u00f3n\u00e1ba ker\u00fclt, \u00edgy a COVID-szab\u00e1lyoknak megfelel\u0151en csak olt\u00e1sigazol\u00e1ssal rendelkez\u0151k vehettek r\u00e9szt a t\u00far\u00e1n, \u00e9s csak maximum t\u00edzes csoportokba szervez\u0151dve lehetett kimenni a hegyre.<\/p>\n<p>Egy h\u00e9t es\u0151s id\u0151 ut\u00e1n, ha a fellegek nem is mentek el teljesen, \u00e9s vas\u00e1rnap reggel k\u00f6d is fogadott, meglehet\u0151sen sz\u00e9p \u0151szi id\u0151j\u00e1r\u00e1sra \u00e9bredt\u00fcnk. A szombati es\u0151 ellen\u00e9re, egy csepp sem esette, s\u0151t n\u00e9ha a Nap is kikandik\u00e1lt a felh\u0151k k\u00f6z\u00f6tt.<\/p>\n<p>A Tak\u00e1csok b\u00e1sty\u00e1j\u00e1n\u00e1l tal\u00e1lkoztunk 10 \u00f3rakor, ahol Kov\u00e1cs Lehel Istv\u00e1n EKE-eln\u00f6k egy r\u00f6vid el\u0151ad\u00e1st tartott az \u00c1rp\u00e1d-szoborr\u00f3l, majd kiosztotta a teljes\u00edtm\u00e9nyt\u00fara \u00fatle\u00edr\u00e1s\u00e1t, t\u00e9rk\u00e9p\u00e9t tartalmaz\u00f3 Kereszt\u00e9ny-havasr\u00f3l sz\u00f3l\u00f3 EKE-bakancsot, mindenki csokol\u00e1d\u00e9t kapott az \u00fatra, \u00e9s t\u00edzes csoportokba szervez\u0151d\u00f6tt a t\u00e1rsas\u00e1g.<\/p>\n<p>Alternat\u00edv \u00fatk\u00e9nt hat\u00e1roztuk meg a Lovagok \u00fatj\u00e1t, a G\u00e1bony-l\u00e9pcs\u0151t, valamint a Szerpentines utat, hogy ne legyen zs\u00fafolts\u00e1g a hegyen, tudjuk rendesen betartani a j\u00e1rv\u00e1ny\u00fcgyi el\u0151\u00edr\u00e1sokat.<\/p>\n<p>A szintid\u0151t 1 \u00f3r\u00e1ban hat\u00e1roztuk meg, s megbesz\u00e9lt\u00fck, hogy fent a kil\u00e1t\u00f3n\u00e1l, illetve az \u00c1rp\u00e1d-szobor talapzat\u00e1n\u00e1l mindenki bev\u00e1r mindenkit.<\/p>\n<p>A t\u00far\u00e1z\u00f3k 10.30-kor indultak el. Siettek az ellen\u0151rz\u0151 pontokhoz, ahol feladatlapokat kaptak, a rajtuk l\u00e9v\u0151 \u00c1rp\u00e1d-szoborral kapcsolatos feladatokat, keresztrejtv\u00e9nyeket meg kellett oldani, ez\u00e9rt volt j\u00f3 figyelni az el\u0151ad\u00e1son.<\/p>\n<p>A felmen\u00e9s j\u00f3l siker\u00fclt, volt k\u00f6z\u00f6tt\u00fcnk olyan edzett szem\u00e9ly is, aki 18 perc alatt szaladt fel a Cenkre, de az 1 \u00f3r\u00e1s szintid\u0151t kiv\u00e9tel n\u00e9lk\u00fcl mindenki tudta teljes\u00edteni. A t\u00farale\u00edr\u00e1s \u00e9s a jelz\u0151t\u00e1bla tan\u00fas\u00e1ga szerint is a Brass\u00f3 \u2013 Cenk-tet\u0151 \u00fatvonal 1 \u00f3ra alatt teljes\u00edthet\u0151.<\/p>\n<p>A tet\u0151n j\u00f3l fogott a szendvics \u00e9s a forr\u00f3 tea is.<\/p>\n<p><img fetchpriority=\"high\" decoding=\"async\" class=\"aligncenter size-full wp-image-264\" src=\"http:\/\/www.ekebrasso.ro\/wp-content\/uploads\/2022\/12\/image1.jpeg\" alt=\"\" width=\"950\" height=\"712\"><\/p>\n<p>Az EKE-bakancs \u00e9s a csokol\u00e1d\u00e9 kioszt\u00e1sa<\/p>\n<p><img decoding=\"async\" class=\"aligncenter size-full wp-image-265\" src=\"http:\/\/www.ekebrasso.ro\/wp-content\/uploads\/2022\/12\/image2.jpeg\" alt=\"\" width=\"950\" height=\"716\"><\/p>\n<p>K\u00e9sz\u00fcl\u0151d\u00e9s<\/p>\n<p><img decoding=\"async\" class=\"aligncenter size-full wp-image-266\" src=\"http:\/\/www.ekebrasso.ro\/wp-content\/uploads\/2022\/12\/image3.jpeg\" alt=\"\" width=\"476\" height=\"634\"><\/p>\n<p>Feladatlapok kioszt\u00e1sa<\/p>\n<p><img loading=\"lazy\" decoding=\"async\" class=\"aligncenter size-full wp-image-267\" src=\"http:\/\/www.ekebrasso.ro\/wp-content\/uploads\/2022\/12\/image4.jpeg\" alt=\"\" width=\"902\" height=\"670\"><\/p>\n<p>El\u0151ad\u00e1s a Tak\u00e1csok b\u00e1sty\u00e1j\u00e1n\u00e1l<\/p>\n<p><img loading=\"lazy\" decoding=\"async\" class=\"aligncenter size-full wp-image-268\" src=\"http:\/\/www.ekebrasso.ro\/wp-content\/uploads\/2022\/12\/image5.jpeg\" alt=\"\" width=\"902\" height=\"680\"><\/p>\n<p>Indul\u00e1s az \u0151szi erd\u0151be<\/p>\n<p><img loading=\"lazy\" decoding=\"async\" class=\"aligncenter size-full wp-image-269\" src=\"http:\/\/www.ekebrasso.ro\/wp-content\/uploads\/2022\/12\/image6.jpeg\" alt=\"\" width=\"902\" height=\"676\"><\/p>\n<p>Teljes\u00edtm\u00e9nyt\u00far\u00e1z\u00f3k<\/p>\n<p><img loading=\"lazy\" decoding=\"async\" class=\"aligncenter size-full wp-image-270\" src=\"http:\/\/www.ekebrasso.ro\/wp-content\/uploads\/2022\/12\/image7.jpeg\" alt=\"\" width=\"902\" height=\"676\"><\/p>\n<p>F\u00f6l\u00f6tt\u00fcnk \u00e9s a v\u00e1ros f\u00f6l\u00f6tt a libeg\u0151<\/p>\n<p><img loading=\"lazy\" decoding=\"async\" class=\"aligncenter size-full wp-image-271\" src=\"http:\/\/www.ekebrasso.ro\/wp-content\/uploads\/2022\/12\/image8.jpeg\" alt=\"\" width=\"902\" height=\"676\"><\/p>\n<p>Feladatlap az els\u0151 ellen\u0151rz\u0151 pontn\u00e1l<\/p>\n<p><img loading=\"lazy\" decoding=\"async\" class=\"aligncenter size-full wp-image-272\" src=\"http:\/\/www.ekebrasso.ro\/wp-content\/uploads\/2022\/12\/image9.jpeg\" alt=\"\" width=\"902\" height=\"676\"><\/p>\n<p>Tan\u00e1cskoz\u00e1s a cs\u00facs el\u0151tt<\/p>\n<p><img loading=\"lazy\" decoding=\"async\" class=\"aligncenter size-full wp-image-273\" src=\"http:\/\/www.ekebrasso.ro\/wp-content\/uploads\/2022\/12\/image10.jpeg\" alt=\"\" width=\"902\" height=\"676\"><\/p>\n<p>Szendvicsev\u00e9s a kil\u00e1t\u00f3 mellett<\/p>\n<p><img loading=\"lazy\" decoding=\"async\" class=\"aligncenter size-full wp-image-274\" src=\"http:\/\/www.ekebrasso.ro\/wp-content\/uploads\/2022\/12\/image11.jpeg\" alt=\"\" width=\"900\" height=\"675\"><\/p>\n<p>Csapatunk egy r\u00e9sze a Kil\u00e1t\u00f3n<\/p>\n<p><img loading=\"lazy\" decoding=\"async\" class=\"aligncenter size-full wp-image-275\" src=\"http:\/\/www.ekebrasso.ro\/wp-content\/uploads\/2022\/12\/image12.jpeg\" alt=\"\" width=\"902\" height=\"551\"><\/p>\n<p>Csapatunk egy r\u00e9sze a Kil\u00e1t\u00f3n, Brass\u00f3 k\u00f6dben \u00faszik<\/p>\n<p><img loading=\"lazy\" decoding=\"async\" class=\"aligncenter size-full wp-image-276\" src=\"http:\/\/www.ekebrasso.ro\/wp-content\/uploads\/2022\/12\/image13.jpeg\" alt=\"\" width=\"902\" height=\"676\"><\/p>\n<p>Tisztelg\u00e9s \u00c1rp\u00e1d el\u0151tt: csapatunk egy r\u00e9sze az&nbsp;\u00c1rp\u00e1d-szobor talapzat\u00e1nak megmaradt r\u00e9sz\u00e9n\u00e9l<\/p>\n<p><img loading=\"lazy\" decoding=\"async\" class=\"aligncenter size-full wp-image-277\" src=\"http:\/\/www.ekebrasso.ro\/wp-content\/uploads\/2022\/12\/image14.jpeg\" alt=\"\" width=\"902\" height=\"670\"><\/p>\n<p>Feladatmegold\u00e1s az \u00c1rp\u00e1d-szobor talapzat\u00e1n<\/p>\n<p><img loading=\"lazy\" decoding=\"async\" class=\"aligncenter size-full wp-image-278\" src=\"http:\/\/www.ekebrasso.ro\/wp-content\/uploads\/2022\/12\/image15.jpeg\" alt=\"\" width=\"902\" height=\"676\"><\/p>\n<p>Feladatmegold\u00e1s az utols\u00f3 ellen\u0151rz\u0151 pontn\u00e1l<\/p>\n<p>A Cenk-tet\u0151n, az \u00c1rp\u00e1d-szobor talapzat\u00e1n Kov\u00e1cs Lehel Istv\u00e1n az \u00c1rp\u00e1d-szoborr\u00f3l \u00edrt k\u00f6nyv\u00e9t mutatta be, ennek kapcs\u00e1n mes\u00e9lt \u00e9rdekess\u00e9gekr\u0151l a szoborral kapcsolatosan, valamint \u2013 term\u00e9szetesen \u2013 tippeket adott az \u00fajabb feladatlapokkal kapcsolatosan.<\/p>\n<p>A lefele utat ism\u00e9t alternat\u00edv\u00e1kban hat\u00e1roztuk meg, a Szerpentines \u00faton, a Lovagok \u00fatj\u00e1n, illetve a Rakod\u00f3 fel\u00e9 is le lehetett menni.<\/p>\n<p>A feladatokb\u00f3l \u00e9s az el\u0151ad\u00e1sokb\u00f3l sokat lehetett tanulni az \u00c1rp\u00e1d-szoborr\u00f3l, a teljes\u00edtm\u00e9nyt\u00fara, a term\u00e9szetj\u00e1r\u00e1s pedig friss energi\u00e1kkal t\u00f6lt\u00f6tt fel.<\/p>\n<p>A r\u00e9sztvev\u0151ket csokol\u00e1d\u00e9kkal, EKE-kiadv\u00e1nyokkal, d\u00edszoklev\u00e9llel d\u00edjaztuk, jutalmaztuk.<\/p>\n<p>A guly\u00e1sleves az egykori teljes\u00edtm\u00e9nyt\u00far\u00e1k nagy \u00fcstben f\u0151z\u00f6tt guly\u00e1saira eml\u00e9keztetett.<\/p>\n<p>K\u00f6sz\u00f6nj\u00fck a Bethlen G\u00e1bor Alapkezel\u0151 Zrt. t\u00e1mogat\u00e1s\u00e1t!<\/p>\n<p>K\u00f6sz\u00f6nj\u00fck az EKE Brass\u00f3nak, hogy a j\u00e1rv\u00e1ny ellen\u00e9re, de a szab\u00e1lyok betart\u00e1s\u00e1val sikeresen megszervezte ezt a teljes\u00edtm\u00e9nyt\u00far\u00e1t, is \u00edgy a magyar millennium 125 \u00e9ves \u00e9vfordul\u00f3ja nem m\u00falt el elfeledetten!<\/p>\n<p><img loading=\"lazy\" decoding=\"async\" class=\"aligncenter size-full wp-image-279\" src=\"http:\/\/www.ekebrasso.ro\/wp-content\/uploads\/2022\/12\/image16.jpeg\" alt=\"\" width=\"902\" height=\"662\"><\/p>\n<p>Hazafele a Cenkr\u0151l<\/p>\t\t\t\t\t\t\t\t<\/div>\n\t\t\t\t<\/div>\n\t\t\t\t\t<\/div>\n\t\t<\/div>\n\t\t\t\t\t<\/div>\n\t\t<\/section>\n\t\t\t\t<\/div>\n\t\t","protected":false},"excerpt":{"rendered":"<p>Az \u00c1rp\u00e1d-szobor eml\u00e9k\u00e9re\u2026 &nbsp; 125 \u00e9vvel ezel\u0151tt, 1896. okt\u00f3ber 18-\u00e1n avatt\u00e1k fel a Cenk-tet\u0151n a millenniumi eml\u00e9km\u0171vet, a magyar honfoglal\u00f3 vit\u00e9z szobr\u00e1t, amely a k\u00f6ztudatban \u00c1rp\u00e1d-szobork\u00e9nt \u00edv\u00f3dott be. Ennek eml\u00e9k\u00e9re szervezte meg vas\u00e1rnap, 2021. okt\u00f3ber 17-\u00e9n az EKE Brass\u00f3 a III. Lehmann K\u00e1roly Teljes\u00edtm\u00e9nyt\u00far\u00e1t a Cenkre. Okt\u00f3ber 9-\u00e9n, a teljes\u00edtm\u00e9nyt\u00fara el\u0151tt egy h\u00e9ttel hat szem\u00e9ly [&hellip;]<\/p>\n","protected":false},"author":1,"featured_media":366,"parent":0,"menu_order":0,"comment_status":"closed","ping_status":"closed","template":"","meta":{"footnotes":""},"class_list":["post-261","page","type-page","status-publish","has-post-thumbnail","hentry"],"_links":{"self":[{"href":"https:\/\/www.ekebrasso.ro\/index.php\/wp-json\/wp\/v2\/pages\/261","targetHints":{"allow":["GET"]}}],"collection":[{"href":"https:\/\/www.ekebrasso.ro\/index.php\/wp-json\/wp\/v2\/pages"}],"about":[{"href":"https:\/\/www.ekebrasso.ro\/index.php\/wp-json\/wp\/v2\/types\/page"}],"author":[{"embeddable":true,"href":"https:\/\/www.ekebrasso.ro\/index.php\/wp-json\/wp\/v2\/users\/1"}],"replies":[{"embeddable":true,"href":"https:\/\/www.ekebrasso.ro\/index.php\/wp-json\/wp\/v2\/comments?post=261"}],"version-history":[{"count":4,"href":"https:\/\/www.ekebrasso.ro\/index.php\/wp-json\/wp\/v2\/pages\/261\/revisions"}],"predecessor-version":[{"id":715,"href":"https:\/\/www.ekebrasso.ro\/index.php\/wp-json\/wp\/v2\/pages\/261\/revisions\/715"}],"wp:featuredmedia":[{"embeddable":true,"href":"https:\/\/www.ekebrasso.ro\/index.php\/wp-json\/wp\/v2\/media\/366"}],"wp:attachment":[{"href":"https:\/\/www.ekebrasso.ro\/index.php\/wp-json\/wp\/v2\/media?parent=261"}],"curies":[{"name":"wp","href":"https:\/\/api.w.org\/{rel}","templated":true}]}}