{"id":50,"date":"2022-12-08T17:20:52","date_gmt":"2022-12-08T17:20:52","guid":{"rendered":"http:\/\/localhost\/ekebrasso.ro\/?page_id=50"},"modified":"2023-03-30T08:56:53","modified_gmt":"2023-03-30T06:56:53","slug":"teljesitmenytura","status":"publish","type":"page","link":"https:\/\/www.ekebrasso.ro\/index.php\/teljesitmenytura\/","title":{"rendered":"Teljes\u00edtm\u00e9nyt\u00fara"},"content":{"rendered":"\t\t<div data-elementor-type=\"wp-page\" data-elementor-id=\"50\" class=\"elementor elementor-50\" data-elementor-post-type=\"page\">\n\t\t\t\t\t\t<section class=\"elementor-section elementor-top-section elementor-element elementor-element-c0d094c elementor-section-boxed elementor-section-height-default elementor-section-height-default\" data-id=\"c0d094c\" data-element_type=\"section\">\n\t\t\t\t\t\t<div class=\"elementor-container elementor-column-gap-default\">\n\t\t\t\t\t<div class=\"elementor-column elementor-col-100 elementor-top-column elementor-element elementor-element-76e11ca\" data-id=\"76e11ca\" data-element_type=\"column\">\n\t\t\t<div class=\"elementor-widget-wrap elementor-element-populated\">\n\t\t\t\t\t\t<div class=\"elementor-element elementor-element-c3fb63e elementor-grid-3 elementor-grid-tablet-2 elementor-grid-mobile-1 elementor-posts--thumbnail-top elementor-widget elementor-widget-posts\" data-id=\"c3fb63e\" data-element_type=\"widget\" data-settings=\"{&quot;classic_columns&quot;:&quot;3&quot;,&quot;classic_columns_tablet&quot;:&quot;2&quot;,&quot;classic_columns_mobile&quot;:&quot;1&quot;,&quot;classic_row_gap&quot;:{&quot;unit&quot;:&quot;px&quot;,&quot;size&quot;:35,&quot;sizes&quot;:[]},&quot;classic_row_gap_tablet&quot;:{&quot;unit&quot;:&quot;px&quot;,&quot;size&quot;:&quot;&quot;,&quot;sizes&quot;:[]},&quot;classic_row_gap_mobile&quot;:{&quot;unit&quot;:&quot;px&quot;,&quot;size&quot;:&quot;&quot;,&quot;sizes&quot;:[]}}\" data-widget_type=\"posts.classic\">\n\t\t\t\t<div class=\"elementor-widget-container\">\n\t\t\t\t\t\t\t<div class=\"elementor-posts-container elementor-posts elementor-posts--skin-classic elementor-grid\">\n\t\t\t\t<article class=\"elementor-post elementor-grid-item post-261 page type-page status-publish has-post-thumbnail hentry\">\n\t\t\t\t<a class=\"elementor-post__thumbnail__link\" href=\"https:\/\/www.ekebrasso.ro\/index.php\/elementor-261\/\" tabindex=\"-1\" >\n\t\t\t<div class=\"elementor-post__thumbnail\"><img fetchpriority=\"high\" decoding=\"async\" width=\"300\" height=\"183\" src=\"https:\/\/www.ekebrasso.ro\/wp-content\/uploads\/2022\/12\/image12-1-300x183.jpeg\" class=\"attachment-medium size-medium wp-image-366\" alt=\"\" srcset=\"https:\/\/www.ekebrasso.ro\/wp-content\/uploads\/2022\/12\/image12-1-300x183.jpeg 300w, https:\/\/www.ekebrasso.ro\/wp-content\/uploads\/2022\/12\/image12-1-768x469.jpeg 768w, https:\/\/www.ekebrasso.ro\/wp-content\/uploads\/2022\/12\/image12-1.jpeg 902w\" sizes=\"(max-width: 300px) 100vw, 300px\" \/><\/div>\n\t\t<\/a>\n\t\t\t\t<div class=\"elementor-post__text\">\n\t\t\t\t<h3 class=\"elementor-post__title\">\n\t\t\t<a href=\"https:\/\/www.ekebrasso.ro\/index.php\/elementor-261\/\" >\n\t\t\t\tIII. Lehmann K\u00e1roly Teljes\u00edtm\u00e9nyt\u00fara\t\t\t<\/a>\n\t\t<\/h3>\n\t\t\t\t<div class=\"elementor-post__meta-data\">\n\t\t\t\t\t<span class=\"elementor-post-date\">\n\t\t\t2022-12-10\t\t<\/span>\n\t\t\t\t<span class=\"elementor-post-avatar\">\n\t\t\tNo Comments\t\t<\/span>\n\t\t\t\t<\/div>\n\t\t\t\t<div class=\"elementor-post__excerpt\">\n\t\t\t<p>Az \u00c1rp\u00e1d-szobor eml\u00e9k\u00e9re\u2026 &nbsp; 125 \u00e9vvel ezel\u0151tt, 1896. okt\u00f3ber 18-\u00e1n avatt\u00e1k fel a Cenk-tet\u0151n a millenniumi eml\u00e9km\u0171vet, a magyar honfoglal\u00f3 vit\u00e9z szobr\u00e1t, amely a k\u00f6ztudatban<\/p>\n\t\t<\/div>\n\t\t\n\t\t<a class=\"elementor-post__read-more\" href=\"https:\/\/www.ekebrasso.ro\/index.php\/elementor-261\/\" aria-label=\"Read more about III. Lehmann K\u00e1roly Teljes\u00edtm\u00e9nyt\u00fara\" tabindex=\"-1\" >\n\t\t\tR\u00e9szletek \u00bb\t\t<\/a>\n\n\t\t\t\t<\/div>\n\t\t\t\t<\/article>\n\t\t\t\t<article class=\"elementor-post elementor-grid-item post-235 page type-page status-publish has-post-thumbnail hentry\">\n\t\t\t\t<a class=\"elementor-post__thumbnail__link\" href=\"https:\/\/www.ekebrasso.ro\/index.php\/ii-lehmann-karoly-teljesitmenytura\/\" tabindex=\"-1\" >\n\t\t\t<div class=\"elementor-post__thumbnail\"><img decoding=\"async\" width=\"300\" height=\"169\" src=\"https:\/\/www.ekebrasso.ro\/wp-content\/uploads\/2022\/12\/kep2-300x169.jpg\" class=\"attachment-medium size-medium wp-image-455\" alt=\"\" srcset=\"https:\/\/www.ekebrasso.ro\/wp-content\/uploads\/2022\/12\/kep2-300x169.jpg 300w, https:\/\/www.ekebrasso.ro\/wp-content\/uploads\/2022\/12\/kep2-768x432.jpg 768w, https:\/\/www.ekebrasso.ro\/wp-content\/uploads\/2022\/12\/kep2.jpg 1019w\" sizes=\"(max-width: 300px) 100vw, 300px\" \/><\/div>\n\t\t<\/a>\n\t\t\t\t<div class=\"elementor-post__text\">\n\t\t\t\t<h3 class=\"elementor-post__title\">\n\t\t\t<a href=\"https:\/\/www.ekebrasso.ro\/index.php\/ii-lehmann-karoly-teljesitmenytura\/\" >\n\t\t\t\tII. Lehmann K\u00e1roly Teljes\u00edtm\u00e9nyt\u00fara\t\t\t<\/a>\n\t\t<\/h3>\n\t\t\t\t<div class=\"elementor-post__meta-data\">\n\t\t\t\t\t<span class=\"elementor-post-date\">\n\t\t\t2022-12-10\t\t<\/span>\n\t\t\t\t<span class=\"elementor-post-avatar\">\n\t\t\tNo Comments\t\t<\/span>\n\t\t\t\t<\/div>\n\t\t\t\t<div class=\"elementor-post__excerpt\">\n\t\t\t<p>&nbsp; Bejelentkez\u00f5 lap\u00a0(A bejelentkez\u00e9s lej\u00e1rt.) A teljes\u00edtm\u00e9nyt\u00far\u00e1r\u00f3l \u00datvonalak R\u00e9szv\u00e9teli d\u00edj Szab\u00e1lyzat Sz\u00e1ll\u00e1s Kapcsolat Partnerszervezetek T\u00e1mogat\u00f3k M\u00e9diapartnerek A teljes\u00edtm\u00e9nyt\u00far\u00e1r\u00f3l &#8220;Nagyap\u00e1m 70 \u00e9vvel ezel\u0151tt \u00edrt turistanapl\u00f3j\u00e1t lapozgatva<\/p>\n\t\t<\/div>\n\t\t\n\t\t<a class=\"elementor-post__read-more\" href=\"https:\/\/www.ekebrasso.ro\/index.php\/ii-lehmann-karoly-teljesitmenytura\/\" aria-label=\"Read more about II. Lehmann K\u00e1roly Teljes\u00edtm\u00e9nyt\u00fara\" tabindex=\"-1\" >\n\t\t\tR\u00e9szletek \u00bb\t\t<\/a>\n\n\t\t\t\t<\/div>\n\t\t\t\t<\/article>\n\t\t\t\t<article class=\"elementor-post elementor-grid-item post-200 page type-page status-publish has-post-thumbnail hentry\">\n\t\t\t\t<a class=\"elementor-post__thumbnail__link\" href=\"https:\/\/www.ekebrasso.ro\/index.php\/i-lehmann-karoly-teljesitmenytura\/\" tabindex=\"-1\" >\n\t\t\t<div class=\"elementor-post__thumbnail\"><img decoding=\"async\" width=\"300\" height=\"201\" src=\"https:\/\/www.ekebrasso.ro\/wp-content\/uploads\/2023\/01\/Teljesitmenytura1-300x201.jpg\" class=\"attachment-medium size-medium wp-image-478\" alt=\"\" srcset=\"https:\/\/www.ekebrasso.ro\/wp-content\/uploads\/2023\/01\/Teljesitmenytura1-300x201.jpg 300w, https:\/\/www.ekebrasso.ro\/wp-content\/uploads\/2023\/01\/Teljesitmenytura1-1024x685.jpg 1024w, https:\/\/www.ekebrasso.ro\/wp-content\/uploads\/2023\/01\/Teljesitmenytura1-768x514.jpg 768w, https:\/\/www.ekebrasso.ro\/wp-content\/uploads\/2023\/01\/Teljesitmenytura1-1536x1028.jpg 1536w, https:\/\/www.ekebrasso.ro\/wp-content\/uploads\/2023\/01\/Teljesitmenytura1-2048x1371.jpg 2048w\" sizes=\"(max-width: 300px) 100vw, 300px\" \/><\/div>\n\t\t<\/a>\n\t\t\t\t<div class=\"elementor-post__text\">\n\t\t\t\t<h3 class=\"elementor-post__title\">\n\t\t\t<a href=\"https:\/\/www.ekebrasso.ro\/index.php\/i-lehmann-karoly-teljesitmenytura\/\" >\n\t\t\t\tI. Lehmann K\u00e1roly Teljes\u00edtm\u00e9nyt\u00fara\t\t\t<\/a>\n\t\t<\/h3>\n\t\t\t\t<div class=\"elementor-post__meta-data\">\n\t\t\t\t\t<span class=\"elementor-post-date\">\n\t\t\t2022-12-10\t\t<\/span>\n\t\t\t\t<span class=\"elementor-post-avatar\">\n\t\t\tNo Comments\t\t<\/span>\n\t\t\t\t<\/div>\n\t\t\t\t<div class=\"elementor-post__excerpt\">\n\t\t\t<p>&nbsp; I. Lehmann K\u00e1roly Teljes\u00edtm\u00e9nyt\u00fara Bejelentkez\u00f5 lap\u00a0(2016. szeptember 30-ig volt el\u00e9rhet\u00f5) A teljes\u00edtm\u00e9nyt\u00far\u00e1r\u00f3l \u00datvonalak R\u00e9szv\u00e9teli d\u00edj Szab\u00e1lyzat Sz\u00e1ll\u00e1s Kapcsolat Partnerszervezetek T\u00e1mogat\u00f3k M\u00e9diapartnerek A teljes\u00edtm\u00e9nyt\u00far\u00e1r\u00f3l Brass\u00f3<\/p>\n\t\t<\/div>\n\t\t\n\t\t<a class=\"elementor-post__read-more\" href=\"https:\/\/www.ekebrasso.ro\/index.php\/i-lehmann-karoly-teljesitmenytura\/\" aria-label=\"Read more about I. Lehmann K\u00e1roly Teljes\u00edtm\u00e9nyt\u00fara\" tabindex=\"-1\" >\n\t\t\tR\u00e9szletek \u00bb\t\t<\/a>\n\n\t\t\t\t<\/div>\n\t\t\t\t<\/article>\n\t\t\t\t<\/div>\n\t\t\n\t\t\t\t\t\t<\/div>\n\t\t\t\t<\/div>\n\t\t\t\t\t<\/div>\n\t\t<\/div>\n\t\t\t\t\t<\/div>\n\t\t<\/section>\n\t\t\t\t<\/div>\n\t\t","protected":false},"excerpt":{"rendered":"","protected":false},"author":1,"featured_media":0,"parent":0,"menu_order":0,"comment_status":"closed","ping_status":"closed","template":"","meta":{"footnotes":""},"class_list":["post-50","page","type-page","status-publish","hentry"],"_links":{"self":[{"href":"https:\/\/www.ekebrasso.ro\/index.php\/wp-json\/wp\/v2\/pages\/50","targetHints":{"allow":["GET"]}}],"collection":[{"href":"https:\/\/www.ekebrasso.ro\/index.php\/wp-json\/wp\/v2\/pages"}],"about":[{"href":"https:\/\/www.ekebrasso.ro\/index.php\/wp-json\/wp\/v2\/types\/page"}],"author":[{"embeddable":true,"href":"https:\/\/www.ekebrasso.ro\/index.php\/wp-json\/wp\/v2\/users\/1"}],"replies":[{"embeddable":true,"href":"https:\/\/www.ekebrasso.ro\/index.php\/wp-json\/wp\/v2\/comments?post=50"}],"version-history":[{"count":12,"href":"https:\/\/www.ekebrasso.ro\/index.php\/wp-json\/wp\/v2\/pages\/50\/revisions"}],"predecessor-version":[{"id":609,"href":"https:\/\/www.ekebrasso.ro\/index.php\/wp-json\/wp\/v2\/pages\/50\/revisions\/609"}],"wp:attachment":[{"href":"https:\/\/www.ekebrasso.ro\/index.php\/wp-json\/wp\/v2\/media?parent=50"}],"curies":[{"name":"wp","href":"https:\/\/api.w.org\/{rel}","templated":true}]}}