{"id":55,"date":"2022-12-08T17:21:15","date_gmt":"2022-12-08T17:21:15","guid":{"rendered":"http:\/\/localhost\/ekebrasso.ro\/?page_id=55"},"modified":"2025-06-26T18:03:59","modified_gmt":"2025-06-26T16:03:59","slug":"kapcsolat","status":"publish","type":"page","link":"https:\/\/www.ekebrasso.ro\/index.php\/kapcsolat\/","title":{"rendered":"Kapcsolat"},"content":{"rendered":"\t\t<div data-elementor-type=\"wp-page\" data-elementor-id=\"55\" class=\"elementor elementor-55\" data-elementor-post-type=\"page\">\n\t\t\t\t\t\t<section class=\"elementor-section elementor-top-section elementor-element elementor-element-3096246 elementor-section-boxed elementor-section-height-default elementor-section-height-default\" data-id=\"3096246\" data-element_type=\"section\">\n\t\t\t\t\t\t<div class=\"elementor-container elementor-column-gap-default\">\n\t\t\t\t\t<div class=\"elementor-column elementor-col-100 elementor-top-column elementor-element elementor-element-70cbd868\" data-id=\"70cbd868\" data-element_type=\"column\">\n\t\t\t<div class=\"elementor-widget-wrap elementor-element-populated\">\n\t\t\t\t\t\t<div class=\"elementor-element elementor-element-2a0b1788 elementor-widget elementor-widget-text-editor\" data-id=\"2a0b1788\" data-element_type=\"widget\" data-widget_type=\"text-editor.default\">\n\t\t\t\t<div class=\"elementor-widget-container\">\n\t\t\t\t\t\t\t\t\t<p>Hivatalos el\u00e9rhet\u0151s\u00e9g\u00fcnk:<\/p>\n<p><strong>Erd\u00e9lyi K\u00e1rp\u00e1t-Egyes\u00fclet \u2013 Brass\u00f3<\/strong>&nbsp;<\/p>\n<p><strong>Transylvanian Carpathian Society \u2013 Brasov<\/strong>&nbsp;<\/p>\n<p><strong>Asocia<\/strong><strong>\u021b<\/strong><strong>ia <\/strong><strong>Societatea Carpatin\u0103 Ardelean\u0103 \u2013 Bra\u015fov<\/strong><\/p>\n<p>C\u00edm:&nbsp;<span style=\"font-size: 1rem;\">505600 S\u0103cele \/ N\u00e9gyfalu, Brass\u00f3 megye,&nbsp;<\/span><span style=\"font-size: 1rem;\">Darie Magheru utca 41. sz\u00e1m<\/span><\/p>\n<p>B\u00edr\u00f3s\u00e1gi azonos\u00edt\u00f3: 41 \/ 13.06.2006&nbsp;<\/p>\n<p>Ad\u00f3azonos\u00edt\u00f3 (CIF, CUI): 18784512&nbsp;<\/p>\n<p>Bank: Banca Transilvania, S\u0103cele \/ N\u00e9gyfalu<\/p>\n<p>IBAN RON: RO26 BTRL 0080 1205 H314 57XX&nbsp;<\/p>\n<p>IBAN HUF: RO96 BTRL 0081 2205 H314 57XX<\/p>\n<p>Honlap: <a href=\"http:\/\/www.ekebrasso.ro\">www.ekebrasso.ro<\/a>&nbsp;<\/p>\n<p>Facebook: <a href=\"https:\/\/www.facebook.com\/EKEBrasso\">https:\/\/www.facebook.com\/EKEBrasso<\/a><\/p>\n<table style=\"height: 209px;\" width=\"75%\">\n<tbody>\n<tr>\n<td width=\"121\">\n<p>Eln\u00f6k:<\/p>\n<\/td>\n<td width=\"192\">\n<p>Dr. KOV\u00c1CS LEHEL ISTV\u00c1N<\/p>\n<\/td>\n<td width=\"108\">\n<p>0744-251245<\/p>\n<\/td>\n<td width=\"180\">\n<p><a href=\"mailto:klehel77@yahoo.com\">klehel77@yahoo.com<\/a><\/p>\n<\/td>\n<\/tr>\n<tr>\n<td width=\"121\">\n<p>Tiszteletbeli eln\u00f6k:<\/p>\n<\/td>\n<td width=\"192\">\n<p>SZ\u00c1SZ \u00c1GNES<\/p>\n<\/td>\n<td width=\"108\">\n<p>0744-422600<\/p>\n<\/td>\n<td width=\"180\">\n<p><a href=\"mailto:agitura@yahoo.com\">agitura@yahoo.com<\/a><\/p>\n<\/td>\n<\/tr>\n<tr>\n<td width=\"121\">\n<p>Aleln\u00f6k:<\/p>\n<\/td>\n<td width=\"192\">\n<p>WATZATKA G\u00c1BOR<\/p>\n<\/td>\n<td width=\"108\">\n<p>0745-300283<\/p>\n<\/td>\n<td width=\"180\">\n<p><a href=\"mailto:gaborwtz@yahoo.com\">gaborwtz@yahoo.com<\/a><\/p>\n<\/td>\n<\/tr>\n<tr>\n<td width=\"121\">\n<p>Titk\u00e1r:<\/p>\n<\/td>\n<td width=\"192\">\n<p>BL\u00c9NESI EDIT<\/p>\n<\/td>\n<td width=\"108\">\n<p>0722-819341<\/p>\n<\/td>\n<td width=\"180\">\n<p><a href=\"mailto:edithblenesi@gmail.com\">edithblenesi@gmail.com<\/a><\/p>\n<\/td>\n<\/tr>\n<tr>\n<td width=\"121\">\n<p>Gyop\u00e1r-terjeszt\u0151:<\/p>\n<\/td>\n<td width=\"192\">\n<p>N\u00c1DUDVARY M\u00c1RIA<\/p>\n<\/td>\n<td width=\"108\">\n<p>0720-013112<\/p>\n<\/td>\n<td width=\"180\">\n<p><a href=\"mailto:nady@freemail.hu\">nady@freemail.hu<\/a><\/p>\n<\/td>\n<\/tr>\n<\/tbody>\n<\/table>\t\t\t\t\t\t\t\t<\/div>\n\t\t\t\t<\/div>\n\t\t\t\t\t<\/div>\n\t\t<\/div>\n\t\t\t\t\t<\/div>\n\t\t<\/section>\n\t\t\t\t<\/div>\n\t\t","protected":false},"excerpt":{"rendered":"<p>Hivatalos el\u00e9rhet\u0151s\u00e9g\u00fcnk: Erd\u00e9lyi K\u00e1rp\u00e1t-Egyes\u00fclet \u2013 Brass\u00f3&nbsp; Transylvanian Carpathian Society \u2013 Brasov&nbsp; Asocia\u021bia Societatea Carpatin\u0103 Ardelean\u0103 \u2013 Bra\u015fov C\u00edm:&nbsp;505600 S\u0103cele \/ N\u00e9gyfalu, Brass\u00f3 megye,&nbsp;Darie Magheru utca 41. sz\u00e1m B\u00edr\u00f3s\u00e1gi azonos\u00edt\u00f3: 41 \/ 13.06.2006&nbsp; Ad\u00f3azonos\u00edt\u00f3 (CIF, CUI): 18784512&nbsp; Bank: Banca Transilvania, S\u0103cele \/ N\u00e9gyfalu IBAN RON: RO26 BTRL 0080 1205 H314 57XX&nbsp; IBAN HUF: RO96 BTRL 0081 [&hellip;]<\/p>\n","protected":false},"author":1,"featured_media":0,"parent":0,"menu_order":0,"comment_status":"closed","ping_status":"closed","template":"","meta":{"footnotes":""},"class_list":["post-55","page","type-page","status-publish","hentry"],"_links":{"self":[{"href":"https:\/\/www.ekebrasso.ro\/index.php\/wp-json\/wp\/v2\/pages\/55","targetHints":{"allow":["GET"]}}],"collection":[{"href":"https:\/\/www.ekebrasso.ro\/index.php\/wp-json\/wp\/v2\/pages"}],"about":[{"href":"https:\/\/www.ekebrasso.ro\/index.php\/wp-json\/wp\/v2\/types\/page"}],"author":[{"embeddable":true,"href":"https:\/\/www.ekebrasso.ro\/index.php\/wp-json\/wp\/v2\/users\/1"}],"replies":[{"embeddable":true,"href":"https:\/\/www.ekebrasso.ro\/index.php\/wp-json\/wp\/v2\/comments?post=55"}],"version-history":[{"count":17,"href":"https:\/\/www.ekebrasso.ro\/index.php\/wp-json\/wp\/v2\/pages\/55\/revisions"}],"predecessor-version":[{"id":811,"href":"https:\/\/www.ekebrasso.ro\/index.php\/wp-json\/wp\/v2\/pages\/55\/revisions\/811"}],"wp:attachment":[{"href":"https:\/\/www.ekebrasso.ro\/index.php\/wp-json\/wp\/v2\/media?parent=55"}],"curies":[{"name":"wp","href":"https:\/\/api.w.org\/{rel}","templated":true}]}}